{"id":507,"date":"2018-05-28T00:29:32","date_gmt":"2018-05-28T00:29:32","guid":{"rendered":"https:\/\/codesupply.co\/?page_id=507"},"modified":"2025-08-28T14:47:15","modified_gmt":"2025-08-28T14:47:15","slug":"equipe","status":"publish","type":"page","link":"https:\/\/revistacienciaecultura.org.br\/?page_id=507","title":{"rendered":"Equipe"},"content":{"rendered":"\t\t<div data-elementor-type=\"wp-page\" data-elementor-id=\"507\" class=\"elementor elementor-507\" data-elementor-settings=\"[]\">\n\t\t\t\t\t\t\t<div class=\"elementor-section-wrap\">\n\t\t\t\t\t\t\t<section class=\"elementor-section elementor-top-section elementor-element elementor-element-1fbac258 elementor-section-boxed elementor-section-height-default elementor-section-height-default\" data-id=\"1fbac258\" data-element_type=\"section\">\n\t\t\t\t\t\t<div class=\"elementor-container elementor-column-gap-default\">\n\t\t\t\t\t<div class=\"elementor-column elementor-col-100 elementor-top-column elementor-element elementor-element-566187cf\" data-id=\"566187cf\" data-element_type=\"column\">\n\t\t\t<div class=\"elementor-widget-wrap elementor-element-populated\">\n\t\t\t\t\t\t\t\t<div class=\"elementor-element elementor-element-4f4d39c elementor-widget elementor-widget-heading\" data-id=\"4f4d39c\" data-element_type=\"widget\" data-widget_type=\"heading.default\">\n\t\t\t\t<div class=\"elementor-widget-container\">\n\t\t\t<style>\/*! elementor - v3.5.5 - 03-02-2022 *\/\n.elementor-heading-title{padding:0;margin:0;line-height:1}.elementor-widget-heading .elementor-heading-title[class*=elementor-size-]>a{color:inherit;font-size:inherit;line-height:inherit}.elementor-widget-heading .elementor-heading-title.elementor-size-small{font-size:15px}.elementor-widget-heading .elementor-heading-title.elementor-size-medium{font-size:19px}.elementor-widget-heading .elementor-heading-title.elementor-size-large{font-size:29px}.elementor-widget-heading .elementor-heading-title.elementor-size-xl{font-size:39px}.elementor-widget-heading .elementor-heading-title.elementor-size-xxl{font-size:59px}<\/style><h2 id=\"equipe\" class=\"elementor-heading-title elementor-size-default\">Equipe<\/h2>\t\t<\/div>\n\t\t\t\t<\/div>\n\t\t\t\t<div class=\"elementor-element elementor-element-56ba773 elementor-widget elementor-widget-text-editor\" data-id=\"56ba773\" data-element_type=\"widget\" data-widget_type=\"text-editor.default\">\n\t\t\t\t<div class=\"elementor-widget-container\">\n\t\t\t<style>\/*! elementor - v3.5.5 - 03-02-2022 *\/\n.elementor-widget-text-editor.elementor-drop-cap-view-stacked .elementor-drop-cap{background-color:#818a91;color:#fff}.elementor-widget-text-editor.elementor-drop-cap-view-framed .elementor-drop-cap{color:#818a91;border:3px solid;background-color:transparent}.elementor-widget-text-editor:not(.elementor-drop-cap-view-default) .elementor-drop-cap{margin-top:8px}.elementor-widget-text-editor:not(.elementor-drop-cap-view-default) .elementor-drop-cap-letter{width:1em;height:1em}.elementor-widget-text-editor .elementor-drop-cap{float:left;text-align:center;line-height:1;font-size:50px}.elementor-widget-text-editor .elementor-drop-cap-letter{display:inline-block}<\/style>\t\t\t\t<p><span style=\"font-size: 12pt; font-family: 'Avenir Light'; color: #333333; background-image: initial; background-position: initial; background-size: initial; background-repeat: initial; background-attachment: initial; background-origin: initial; background-clip: initial;\">A <\/span><span style=\"font-size: 12pt; font-family: 'Avenir Medium'; color: #333333; background-image: initial; background-position: initial; background-size: initial; background-repeat: initial; background-attachment: initial; background-origin: initial; background-clip: initial;\">Revista Ci\u00eancia &amp; Cultura<\/span><span style=\"font-size: 12pt; font-family: 'Avenir Light'; color: #333333; background-image: initial; background-position: initial; background-size: initial; background-repeat: initial; background-attachment: initial; background-origin: initial; background-clip: initial;\"> \u00e9 uma publica\u00e7\u00e3o de divulga\u00e7\u00e3o cient\u00edfica da Sociedade Brasileira para o Progresso da Ci\u00eancia (SBPC).<\/span><\/p>\t\t\t\t\t\t<\/div>\n\t\t\t\t<\/div>\n\t\t\t\t<section class=\"elementor-section elementor-inner-section elementor-element elementor-element-6fa126e elementor-section-boxed elementor-section-height-default elementor-section-height-default\" data-id=\"6fa126e\" data-element_type=\"section\">\n\t\t\t\t\t\t<div class=\"elementor-container elementor-column-gap-default\">\n\t\t\t\t\t<div class=\"elementor-column elementor-col-50 elementor-inner-column elementor-element elementor-element-75d532a\" data-id=\"75d532a\" data-element_type=\"column\">\n\t\t\t<div class=\"elementor-widget-wrap elementor-element-populated\">\n\t\t\t\t\t\t\t\t<div class=\"elementor-element elementor-element-b288749 elementor-widget elementor-widget-text-editor\" data-id=\"b288749\" data-element_type=\"widget\" data-widget_type=\"text-editor.default\">\n\t\t\t\t<div class=\"elementor-widget-container\">\n\t\t\t\t\t\t\t<h3 id=\"conselho-editorial\">Conselho Editorial<\/h3><p>Alexey Dodsworth Magnavita de Carvalho<\/p><p><span style=\"color: var( --e-global-color-text ); font-family: var( --e-global-typography-text-font-family ), Sans-serif; font-weight: var( --e-global-typography-text-font-weight ); font-size: 1rem; letter-spacing: 0px;\">Andr\u00e9 Ramos<\/span><\/p><p>Carlos Medicis Morel<\/p><p>Elza Maria Ajzenberg<\/p><p>Federico Mayor Zaragoza<\/p><p>Helena Bonciani Nader<\/p><p>Ima C\u00e9lia Guimar\u00e3es Vieira<\/p><p>Jo\u00e3o Jos\u00e9 Reis<\/p><p>Julia Tag\u00fce\u00f1a<\/p><p>Leonardo Avritzer<\/p><p>Lilia Katri Moritz Schwarcz<\/p><p>Luzia Matos Mota<\/p><p><span style=\"color: var( --e-global-color-text ); font-family: var( --e-global-typography-text-font-family ), Sans-serif; font-weight: var( --e-global-typography-text-font-weight ); font-size: 1rem; letter-spacing: 0px;\">Luiz Botelho de Albuquerque<\/span><\/p><p>Luiz Nassif<\/p><p>Marco Am\u00e9rico Lucchesi<\/p><p>Marcus Cueto Caballero<\/p><p>Maria de Lourdes Alves Borges<\/p><p>Marilene Correa da Silva Freitas<\/p><p>Mariluce de Souza Moura<\/p><p>Miriam Pillar Grossi<\/p><p>Paulo Eduardo Artaxo Netto<\/p><p>Sarah Azoubel<\/p><p>Sidarta Tollendal Gomes Ribeiro<\/p>\t\t\t\t\t\t<\/div>\n\t\t\t\t<\/div>\n\t\t\t\t\t<\/div>\n\t\t<\/div>\n\t\t\t\t<div class=\"elementor-column elementor-col-50 elementor-inner-column elementor-element elementor-element-3c86fe4\" data-id=\"3c86fe4\" data-element_type=\"column\">\n\t\t\t<div class=\"elementor-widget-wrap elementor-element-populated\">\n\t\t\t\t\t\t\t\t<div class=\"elementor-element elementor-element-4da4cc7 elementor-widget elementor-widget-text-editor\" data-id=\"4da4cc7\" data-element_type=\"widget\" data-widget_type=\"text-editor.default\">\n\t\t\t\t<div class=\"elementor-widget-container\">\n\t\t\t\t\t\t\t<h3 id=\"conselho-cientifico-executivo\">Conselho cient\u00edfico-executivo<\/h3><p><span style=\"color: #000000;\">Aldo Zarbin (Coordenador)<\/span><\/p><p><span style=\"color: #000000;\">Andr\u00e9 Ramos<\/span><\/p><p><span style=\"color: #000000;\">Fernanda Ant\u00f4nia da Fonseca Sobral<\/span><\/p><p><span style=\"color: #000000;\">Helena Nader<\/span><\/p><p><span style=\"color: #000000; font-family: var( --e-global-typography-text-font-family ), Sans-serif; font-weight: var( --e-global-typography-text-font-weight ); font-size: 1rem; letter-spacing: 0px;\">Ildeu de Castro Moreira<\/span><\/p><p><span style=\"color: #000000; font-family: var( --e-global-typography-text-font-family ), Sans-serif; font-weight: var( --e-global-typography-text-font-weight ); font-size: 1rem; letter-spacing: 0px;\">L\u00edgia Bahia\u00a0<\/span><\/p><p><span style=\"color: #000000;\">Marcelo Knobel<\/span><\/p><p><span style=\"color: #000000;\">Marie Anne Van Sluys<\/span><\/p><p><span style=\"color: #000000;\">Paulo Artaxo<\/span><\/p><p><span style=\"color: #000000;\">Renato Janine Ribeiro<\/span><\/p><p><span style=\"color: #000000;\">Ros\u00e2ngela Janja Costa Ara\u00fajo<\/span><\/p><h3 id=\"\">\u00a0<\/h3><h3 id=\"editora-executiva\">Editora-executiva<\/h3><p><a href=\"mailto: christiane@sbpcnet.org.br\" target=\"_blank\" rel=\"noopener\">Chris Bueno<\/a><\/p><p>\u00a0<\/p><h3 id=\"edicao-de-videos\">Edi\u00e7\u00e3o de v\u00eddeos<\/h3><p><a href=\"http:\/\/www.omfilmes.com.br\">Olho M\u00e1gico<\/a><\/p><p>\u00a0<\/p><p>\u00a0<\/p><h3 id=\"edicao-de-podcast\">Edi\u00e7\u00e3o de podcast<\/h3><p><a href=\"http:\/\/www.estudionext.com.br\">Next<\/a><\/p><p>\u00a0<\/p><p>\u00a0<\/p><h3 id=\"revisao-e-indexacao\">Revis\u00e3o e indexa\u00e7\u00e3o<\/h3><p><a href=\"https:\/\/www.e-papers.com.br\/\">E-Papers<\/a><\/p><p>\u00a0<\/p><p>\u00a0<\/p><h3 id=\"web-design\">Web design<\/h3><p><a href=\"https:\/\/www.noctismarketing.com.br\/\">Noctis<\/a><\/p><p>\u00a0<\/p>\t\t\t\t\t\t<\/div>\n\t\t\t\t<\/div>\n\t\t\t\t\t<\/div>\n\t\t<\/div>\n\t\t\t\t\t\t\t<\/div>\n\t\t<\/section>\n\t\t\t\t<div class=\"elementor-element elementor-element-f624321 elementor-widget elementor-widget-text-editor\" data-id=\"f624321\" data-element_type=\"widget\" data-widget_type=\"text-editor.default\">\n\t\t\t\t<div class=\"elementor-widget-container\">\n\t\t\t\t\t\t\t<p><strong>\u00a0<\/strong><\/p><p><strong>O conte\u00fado e as opini\u00f5es expressas nos artigos assinados em nossas publica\u00e7\u00f5es s\u00e3o de responsabilidade exclusiva de seus autores.<\/strong><\/p><p><b>Todos os textos publicados na revista Ci\u00eancia &amp; Cultura est\u00e3o licenciados sob a <a href=\"https:\/\/creativecommons.org\/licenses\/by-nc-nd\/2.0\/br\/\">Licen\u00e7a CreativeCommons Atribui\u00e7\u00e3o 2.0 (CC BY-NC-ND 2.0 BR)<\/a>.<\/b><\/p>\t\t\t\t\t\t<\/div>\n\t\t\t\t<\/div>\n\t\t\t\t\t<\/div>\n\t\t<\/div>\n\t\t\t\t\t\t\t<\/div>\n\t\t<\/section>\n\t\t\t\t\t\t<\/div>\n\t\t\t\t\t<\/div>\n\t\t","protected":false},"excerpt":{"rendered":"Equipe A Revista Ci\u00eancia &amp; Cultura \u00e9 uma publica\u00e7\u00e3o de divulga\u00e7\u00e3o cient\u00edfica&hellip;\n","protected":false},"author":1,"featured_media":0,"parent":0,"menu_order":0,"comment_status":"closed","ping_status":"closed","template":"elementor_header_footer","meta":[],"acf":[],"_links":{"self":[{"href":"https:\/\/revistacienciaecultura.org.br\/index.php?rest_route=\/wp\/v2\/pages\/507"}],"collection":[{"href":"https:\/\/revistacienciaecultura.org.br\/index.php?rest_route=\/wp\/v2\/pages"}],"about":[{"href":"https:\/\/revistacienciaecultura.org.br\/index.php?rest_route=\/wp\/v2\/types\/page"}],"author":[{"embeddable":true,"href":"https:\/\/revistacienciaecultura.org.br\/index.php?rest_route=\/wp\/v2\/users\/1"}],"replies":[{"embeddable":true,"href":"https:\/\/revistacienciaecultura.org.br\/index.php?rest_route=%2Fwp%2Fv2%2Fcomments&post=507"}],"version-history":[{"count":52,"href":"https:\/\/revistacienciaecultura.org.br\/index.php?rest_route=\/wp\/v2\/pages\/507\/revisions"}],"predecessor-version":[{"id":8819,"href":"https:\/\/revistacienciaecultura.org.br\/index.php?rest_route=\/wp\/v2\/pages\/507\/revisions\/8819"}],"wp:attachment":[{"href":"https:\/\/revistacienciaecultura.org.br\/index.php?rest_route=%2Fwp%2Fv2%2Fmedia&parent=507"}],"curies":[{"name":"wp","href":"https:\/\/api.w.org\/{rel}","templated":true}]}}